{"id":7123,"date":"2022-09-19T11:25:00","date_gmt":"2022-09-19T11:25:00","guid":{"rendered":"https:\/\/sabinebalve.com\/kontakt\/"},"modified":"2022-09-19T11:25:01","modified_gmt":"2022-09-19T11:25:01","slug":"kontakt","status":"publish","type":"page","link":"https:\/\/sabinebalve.com\/de\/kontakt\/","title":{"rendered":"Kontakt"},"content":{"rendered":"<p><div class=\"fusion-fullwidth fullwidth-box fusion-builder-row-1 hundred-percent-fullwidth non-hundred-percent-height-scrolling fusion-equal-height-columns\" style=\"--awb-background-position:center bottom;--awb-border-sizes-top:0px;--awb-border-sizes-bottom:0px;--awb-border-sizes-left:0px;--awb-border-sizes-right:0px;--awb-border-radius-top-left:0px;--awb-border-radius-top-right:0px;--awb-border-radius-bottom-right:0px;--awb-border-radius-bottom-left:0px;--awb-padding-top:0px;--awb-padding-right:0px;--awb-padding-bottom:0px;--awb-padding-left:0px;--awb-margin-top:0px;--awb-background-color:#000000;--awb-flex-wrap:wrap;\" ><div class=\"fusion-builder-row fusion-row\"><div class=\"fusion-layout-column fusion_builder_column fusion-builder-column-0 fusion_builder_column_1_2 1_2 fusion-one-half fusion-column-first fusion-column-no-min-height\" style=\"--awb-padding-top:0%;--awb-padding-right:9%;--awb-padding-bottom:9%;--awb-padding-left:9%;--awb-bg-color:#0000000;--awb-bg-color-hover:#0000000;--awb-bg-size:cover;--awb-margin-bottom:0px;\"><div class=\"fusion-column-wrapper fusion-flex-column-wrapper-legacy\"><div class=\"fusion-sep-clear\"><\/div><div class=\"fusion-separator fusion-full-width-sep\" style=\"margin-left: auto;margin-right: auto;margin-top:100px;width:100%;\"><\/div><div class=\"fusion-sep-clear\"><\/div><div class=\"fusion-text fusion-text-1\"><h2 style=\"text-align: left;\"><span style=\"color: #ffffff;\">KONTAKTIERE UNS<\/span><\/h2>\n<p>Wir sind bereit f\u00fcr das n\u00e4chste Projekt!<\/p>\n<p><span style=\"color: #ffffff;\">Erz\u00e4hlen Sie uns von Ihren Projektideen oder sagen Sie einfach Hallo<br \/>\nEgal, ob Sie eine gro\u00dfe Idee haben oder Inspiration f\u00fcr eine neue Einrichtung digitaler Medien, ein Branding- oder Marketingprojekt ben\u00f6tigen, wir sind hier, um perfekte Markenzeichen und Designs zu erstellen<\/span><\/p>\n<p>Lassen Sie sich vom Konzept bis zur Kreation von uns inspirieren<\/p>\n<\/div><div class=\"fusion-image-element in-legacy-container\" style=\"--awb-caption-title-font-family:var(--h2_typography-font-family);--awb-caption-title-font-weight:var(--h2_typography-font-weight);--awb-caption-title-font-style:var(--h2_typography-font-style);--awb-caption-title-size:var(--h2_typography-font-size);--awb-caption-title-transform:var(--h2_typography-text-transform);--awb-caption-title-line-height:var(--h2_typography-line-height);--awb-caption-title-letter-spacing:var(--h2_typography-letter-spacing);\"><span class=\" fusion-imageframe imageframe-dropshadow imageframe-1 hover-type-none\" style=\"-webkit-box-shadow: 3px 3px 7px rgba(0,0,0,0.3);box-shadow: 3px 3px 7px rgba(0,0,0,0.3);\"><img decoding=\"async\" width=\"300\" height=\"300\" title=\"QR Code of Madame Sabine Balve\" src=\"https:\/\/sabinebalve.com\/wp-content\/uploads\/2021\/02\/SB-IG-Gold-2020-10-18-300x300.jpg\" alt class=\"img-responsive wp-image-6525\" srcset=\"https:\/\/sabinebalve.com\/wp-content\/uploads\/2021\/02\/SB-IG-Gold-2020-10-18-200x200.jpg 200w, https:\/\/sabinebalve.com\/wp-content\/uploads\/2021\/02\/SB-IG-Gold-2020-10-18-400x400.jpg 400w, https:\/\/sabinebalve.com\/wp-content\/uploads\/2021\/02\/SB-IG-Gold-2020-10-18-600x600.jpg 600w, https:\/\/sabinebalve.com\/wp-content\/uploads\/2021\/02\/SB-IG-Gold-2020-10-18-800x800.jpg 800w, https:\/\/sabinebalve.com\/wp-content\/uploads\/2021\/02\/SB-IG-Gold-2020-10-18.jpg 1080w\" sizes=\"(max-width: 800px) 100vw, 600px\" \/><\/span><\/div><div class=\"fusion-text fusion-text-2\"><p><span style=\"color: #ffffff;\"><br \/>\nFRAU SABINE BALVE<\/span><\/p>\n<p><span style=\"color: #ffffff;\"> Online-Anrufe nach Vereinbarung<\/span><br \/>\n<span style=\"color: #ffffff;\"> E-Mail: <a style=\"color: #ffffff;\" href=\"mailto:contact@sabinebalve.com\">contact@sabinebalve.com<\/a><\/span><br \/>\n<span style=\"color: #ffffff;\"> Internet: <a style=\"color: #ffffff;\" href=\"https:\/\/sabinebalve.com\/de\/\">https:\/\/sabinebalve.com<\/a><\/span><\/p>\n<\/div><div class=\"fusion-clearfix\"><\/div><\/div><\/div><div class=\"fusion-layout-column fusion_builder_column fusion-builder-column-1 fusion_builder_column_1_2 1_2 fusion-one-half fusion-column-last\" style=\"--awb-padding-top:9%;--awb-padding-right:9%;--awb-padding-bottom:9%;--awb-padding-left:9%;--awb-bg-size:cover;--awb-margin-bottom:0px;\"><div class=\"fusion-column-wrapper fusion-flex-column-wrapper-legacy\"><div class=\"fusion-column-content-centered\"><div class=\"fusion-column-content\">\n<div class=\"wpcf7 no-js\" id=\"wpcf7-f7165-o1\" lang=\"de-DE\" dir=\"ltr\" data-wpcf7-id=\"7165\">\n<div class=\"screen-reader-response\"><p role=\"status\" aria-live=\"polite\" aria-atomic=\"true\"><\/p> <ul><\/ul><\/div>\n<form action=\"\/de\/wp-json\/wp\/v2\/pages\/7123#wpcf7-f7165-o1\" method=\"post\" class=\"wpcf7-form init\" aria-label=\"Kontaktformular\" novalidate=\"novalidate\" data-status=\"init\">\n<fieldset class=\"hidden-fields-container\"><input type=\"hidden\" name=\"_wpcf7\" value=\"7165\" \/><input type=\"hidden\" name=\"_wpcf7_version\" value=\"6.1.5\" \/><input type=\"hidden\" name=\"_wpcf7_locale\" value=\"de_DE\" \/><input type=\"hidden\" name=\"_wpcf7_unit_tag\" value=\"wpcf7-f7165-o1\" \/><input type=\"hidden\" name=\"_wpcf7_container_post\" value=\"0\" \/><input type=\"hidden\" name=\"_wpcf7_posted_data_hash\" value=\"\" \/>\n<\/fieldset>\n<p><label> Ihr Name (Pflichtfeld)<br \/>\n<span class=\"wpcf7-form-control-wrap\" data-name=\"your-name\"><input size=\"40\" maxlength=\"400\" class=\"wpcf7-form-control wpcf7-text wpcf7-validates-as-required\" aria-required=\"true\" aria-invalid=\"false\" value=\"\" type=\"text\" name=\"your-name\" \/><\/span> <\/label>\n<\/p>\n<p><label> Ihre E-Mail-Adresse (Pflichtfeld)<br \/>\n<span class=\"wpcf7-form-control-wrap\" data-name=\"your-email\"><input size=\"40\" maxlength=\"400\" class=\"wpcf7-form-control wpcf7-email wpcf7-validates-as-required wpcf7-text wpcf7-validates-as-email\" aria-required=\"true\" aria-invalid=\"false\" value=\"\" type=\"email\" name=\"your-email\" \/><\/span> <\/label>\n<\/p>\n<p><span id=\"wpcf7-69d28c1a85921-wrapper\" class=\"wpcf7-form-control-wrap phone-wrap\" ><label for=\"wpcf7-69d28c1a85921-field\" class=\"hp-message\">Bitte lasse dieses Feld leer.<\/label><input id=\"wpcf7-69d28c1a85921-field\"  placeholder=\"your-phone\"  class=\"wpcf7-form-control wpcf7-text\" type=\"text\" name=\"phone\" value=\"\" size=\"40\" tabindex=\"-1\" autocomplete=\"new-password\" \/><\/span>\n<\/p>\n<p><label> Betreff<br \/>\n<span class=\"wpcf7-form-control-wrap\" data-name=\"your-subject\"><input size=\"40\" maxlength=\"400\" class=\"wpcf7-form-control wpcf7-text\" aria-invalid=\"false\" value=\"\" type=\"text\" name=\"your-subject\" \/><\/span> <\/label>\n<\/p>\n<p><label> Ihre Nachricht<br \/>\n<span class=\"wpcf7-form-control-wrap\" data-name=\"your-message\"><textarea cols=\"40\" rows=\"10\" maxlength=\"2000\" class=\"wpcf7-form-control wpcf7-textarea\" aria-invalid=\"false\" name=\"your-message\"><\/textarea><\/span> <\/label>\n<\/p>\n<p><input class=\"wpcf7-form-control wpcf7-submit has-spinner\" type=\"submit\" value=\"Senden\" \/>\n<\/p><div class=\"fusion-alert alert custom alert-custom fusion-alert-center wpcf7-response-output fusion-alert-capitalize awb-alert-native-link-color alert-dismissable awb-alert-close-boxed\" style=\"--awb-border-top-left-radius:0px;--awb-border-top-right-radius:0px;--awb-border-bottom-left-radius:0px;--awb-border-bottom-right-radius:0px;\" role=\"alert\"><div class=\"fusion-alert-content-wrapper\"><span class=\"fusion-alert-content\"><\/span><\/div><button type=\"button\" class=\"close toggle-alert\" data-dismiss=\"alert\" aria-label=\"Close\">&times;<\/button><\/div>\n<\/form>\n<\/div>\n<\/div><\/div><div class=\"fusion-clearfix\"><\/div><\/div><\/div><\/div><\/div><div class=\"fusion-fullwidth fullwidth-box fusion-builder-row-2 hundred-percent-fullwidth non-hundred-percent-height-scrolling\" style=\"--awb-border-radius-top-left:0px;--awb-border-radius-top-right:0px;--awb-border-radius-bottom-right:0px;--awb-border-radius-bottom-left:0px;--awb-padding-top:0px;--awb-padding-right:0px;--awb-padding-bottom:0px;--awb-padding-left:0px;--awb-background-color:#000000;--awb-flex-wrap:wrap;\" ><div class=\"fusion-builder-row fusion-row\"><div class=\"fusion-layout-column fusion_builder_column fusion-builder-column-2 fusion_builder_column_1_1 1_1 fusion-one-full fusion-column-first fusion-column-last\" style=\"--awb-bg-color:#000000;--awb-bg-color-hover:#000000;--awb-bg-size:cover;--awb-margin-bottom:0px;\"><div class=\"fusion-column-wrapper fusion-flex-column-wrapper-legacy\"><div class=\"fusion-text fusion-text-3\"><h3 style=\"text-align: center;\"><span style=\"color: #ffffff;\"><strong>Wir sind Global Online und haben Partnern, Freunden und Kunden weltweit geholfen!<\/strong><\/span><\/h3>\n<h3><\/h3>\n<\/div><div class=\"fusion-sep-clear\"><\/div><div class=\"fusion-separator fusion-full-width-sep\" style=\"margin-left: auto;margin-right: auto;width:100%;\"><div class=\"fusion-separator-border sep-single sep-solid\" style=\"--awb-height:20px;--awb-amount:20px;border-color:#e0dede;border-top-width:1px;\"><\/div><\/div><div class=\"fusion-sep-clear\"><\/div>\t\t\t\t\t<script type=\"text\/javascript\">\n\t\t\t\t\t\tvar map_fusion_map_69d28c1a8611a;\n\t\t\t\t\t\tvar markers = [];\n\t\t\t\t\t\tvar counter = 0;\n\t\t\t\t\t\t\t\t\t\t\t\t\t\t\t\t\t\t\t\tvar fusionMapNonce = '620d81e9ab';\n\t\t\t\t\t\t\t\t\t\t\t\tfunction fusion_run_map_fusion_map_69d28c1a8611a() {\n\t\t\t\t\t\t\tjQuery ('#fusion_map_69d28c1a8611a' ).fusion_maps( {\n\t\t\t\t\t\t\t\taddresses: [{\"address\":\"M\\u00fcnchen, Deutschland \",\"infobox_content\":\"\",\"coordinates\":false,\"cache\":true,\"latitude\":\"48.1351253\",\"longitude\":\"11.5819806\"},{\"address\":\" London, Vereinigtes K\\u00f6nigreich \",\"infobox_content\":\" London, Vereinigtes K\\u00f6nigreich \",\"coordinates\":false,\"cache\":true,\"latitude\":\"51.5072178\",\"longitude\":\"-0.1275862\"},{\"address\":\" Dubai, Vereinigte Arabische Emirate \",\"infobox_content\":\" Dubai, Vereinigte Arabische Emirate \",\"coordinates\":false,\"cache\":true,\"latitude\":\"25.2048493\",\"longitude\":\"55.2707828\"}],\n\t\t\t\t\t\t\t\tanimations: true,\n\t\t\t\t\t\t\t\tinfobox_background_color: '',\n\t\t\t\t\t\t\t\tinfobox_styling: 'default',\n\t\t\t\t\t\t\t\tinfobox_text_color: '',\n\t\t\t\t\t\t\t\tmap_style: 'custom',\n\t\t\t\t\t\t\t\tmap_type: 'roadmap',\n\t\t\t\t\t\t\t\tmarker_icon: '',\n\t\t\t\t\t\t\t\toverlay_color: '',\n\t\t\t\t\t\t\t\toverlay_color_hsl: {\"hue\":0,\"sat\":0,\"lum\":100},\n\t\t\t\t\t\t\t\tshow_address: false,\n\t\t\t\t\t\t\t\tscale_control: false,\n\t\t\t\t\t\t\t\tscrollwheel: false,\n\t\t\t\t\t\t\t\tzoom: 2,\n\t\t\t\t\t\t\t\tzoom_control: false,\n\t\t\t\t\t\t\t} );\n\t\t\t\t\t\t}\n\n\t\t\t\t\t\tgoogle.maps.event.addDomListener(window, 'load', fusion_run_map_fusion_map_69d28c1a8611a);\n\t\t\t\t\t<\/script>\n\t\t\t\t\t<div class=\"shortcode-map fusion-google-map fusion-maps-js-type\" style=\"--awb-height:600px;\" id=\"fusion_map_69d28c1a8611a\"><\/div><div class=\"fusion-clearfix\"><\/div><\/div><\/div><\/div><\/div><div class=\"fusion-fullwidth fullwidth-box fusion-builder-row-3 hundred-percent-fullwidth non-hundred-percent-height-scrolling fusion-equal-height-columns\" style=\"--awb-background-position:center bottom;--awb-border-sizes-top:0px;--awb-border-sizes-bottom:0px;--awb-border-sizes-left:0px;--awb-border-sizes-right:0px;--awb-border-radius-top-left:0px;--awb-border-radius-top-right:0px;--awb-border-radius-bottom-right:0px;--awb-border-radius-bottom-left:0px;--awb-padding-top:0px;--awb-padding-right:0px;--awb-padding-bottom:0px;--awb-padding-left:0px;--awb-background-color:#000000;--awb-flex-wrap:wrap;\" ><div class=\"fusion-builder-row fusion-row\"><div class=\"fusion-layout-column fusion_builder_column fusion-builder-column-3 fusion_builder_column_1_1 1_1 fusion-one-full fusion-column-first fusion-column-last fusion-column-no-min-height\" style=\"--awb-padding-top:9%;--awb-padding-right:9%;--awb-padding-bottom:9%;--awb-padding-left:9%;--awb-bg-color:#0000000;--awb-bg-color-hover:#0000000;--awb-bg-size:cover;--awb-margin-bottom:0px;\"><div class=\"fusion-column-wrapper fusion-flex-column-wrapper-legacy\"><div class=\"fusion-text fusion-text-4\"><h2 style=\"text-align: left;\"><span style=\"color: #ffffff;\">VERBINDEN SIE SICH<\/span><\/h2>\n<\/div><div class=\"fusion-clearfix\"><\/div><\/div><\/div><\/div><\/div><div class=\"fusion-fullwidth fullwidth-box fusion-builder-row-4 hundred-percent-fullwidth non-hundred-percent-height-scrolling\" style=\"--awb-border-radius-top-left:0px;--awb-border-radius-top-right:0px;--awb-border-radius-bottom-right:0px;--awb-border-radius-bottom-left:0px;--awb-padding-top:0px;--awb-padding-right:0px;--awb-padding-bottom:0px;--awb-padding-left:0px;--awb-margin-top:0px;--awb-margin-bottom:0px;--awb-background-color:rgba(0,0,0,0);--awb-flex-wrap:wrap;\" ><div class=\"fusion-builder-row fusion-row\"><div class=\"fusion-layout-column fusion_builder_column fusion-builder-column-4 fusion_builder_column_1_1 1_1 fusion-one-full fusion-column-first fusion-column-last\" style=\"--awb-bg-color:#000000;--awb-bg-color-hover:#000000;--awb-bg-size:cover;--awb-margin-bottom:0px;\"><div class=\"fusion-column-wrapper fusion-flex-column-wrapper-legacy\"><div class=\"fusion-image-carousel fusion-image-carousel-auto fusion-image-carousel-1\"><div class=\"awb-carousel awb-swiper awb-swiper-carousel awb-carousel--carousel awb-swiper-dots-position-bottom\" data-layout=\"carousel\" data-autoplay=\"yes\" data-autoplayspeed=\"2500\" data-autoplaypause=\"no\" data-columns=\"6\" data-columnsmedium=\"1\" data-columnssmall=\"1\" data-itemmargin=\"0\" data-itemwidth=\"180\" data-touchscroll=\"no\" data-freemode=\"no\" data-imagesize=\"auto\" data-scrollitems=\"1\" data-centeredslides=\"no\" data-rotationangle=\"50\" data-depth=\"100\" data-speed=\"500\" data-shadow=\"no\" data-pagination=\"bullets\" style=\"--awb-columns:6;--awb-column-spacing:0px;\"><div class=\"swiper-wrapper awb-image-carousel-wrapper fusion-flex-align-items-center\"><div class=\"swiper-slide\"><div class=\"fusion-carousel-item-wrapper\"><div class=\"fusion-image-wrapper hover-type-zoomin\"><img decoding=\"async\" width=\"500\" height=\"333\" src=\"https:\/\/sabinebalve.com\/wp-content\/uploads\/2018\/03\/Germany-home-of-Madame-Sabine-Balve.jpg\" class=\"attachment-full size-full\" alt=\"\" srcset=\"https:\/\/sabinebalve.com\/wp-content\/uploads\/2018\/03\/Germany-home-of-Madame-Sabine-Balve-200x133.jpg 200w, https:\/\/sabinebalve.com\/wp-content\/uploads\/2018\/03\/Germany-home-of-Madame-Sabine-Balve-400x266.jpg 400w, https:\/\/sabinebalve.com\/wp-content\/uploads\/2018\/03\/Germany-home-of-Madame-Sabine-Balve.jpg 500w\" sizes=\"(min-width: 2200px) 100vw, (min-width: 1099px) 195px, (min-width: 1007px) 234px, (min-width: 915px) 293px, (min-width: 824px) 390px, (min-width: 732px) 585px, (min-width: 640px) 732px, \" \/><\/div><\/div><\/div><div class=\"swiper-slide\"><div class=\"fusion-carousel-item-wrapper\"><div class=\"fusion-image-wrapper hover-type-zoomin\"><img decoding=\"async\" width=\"500\" height=\"333\" src=\"https:\/\/sabinebalve.com\/wp-content\/uploads\/2018\/03\/Work-Hard-Anywhere-Madame-Sabine-Balve.jpg\" class=\"attachment-full size-full\" alt=\"\" srcset=\"https:\/\/sabinebalve.com\/wp-content\/uploads\/2018\/03\/Work-Hard-Anywhere-Madame-Sabine-Balve-200x133.jpg 200w, https:\/\/sabinebalve.com\/wp-content\/uploads\/2018\/03\/Work-Hard-Anywhere-Madame-Sabine-Balve-400x266.jpg 400w, https:\/\/sabinebalve.com\/wp-content\/uploads\/2018\/03\/Work-Hard-Anywhere-Madame-Sabine-Balve.jpg 500w\" sizes=\"(min-width: 2200px) 100vw, (min-width: 1099px) 195px, (min-width: 1007px) 234px, (min-width: 915px) 293px, (min-width: 824px) 390px, (min-width: 732px) 585px, (min-width: 640px) 732px, \" \/><\/div><\/div><\/div><div class=\"swiper-slide\"><div class=\"fusion-carousel-item-wrapper\"><div class=\"fusion-image-wrapper hover-type-zoomin\"><img decoding=\"async\" width=\"500\" height=\"333\" src=\"https:\/\/sabinebalve.com\/wp-content\/uploads\/2018\/03\/Made-in-Germany-best-Quality-Sabine-Balve.jpg\" class=\"attachment-full size-full\" alt=\"\" srcset=\"https:\/\/sabinebalve.com\/wp-content\/uploads\/2018\/03\/Made-in-Germany-best-Quality-Sabine-Balve-200x133.jpg 200w, https:\/\/sabinebalve.com\/wp-content\/uploads\/2018\/03\/Made-in-Germany-best-Quality-Sabine-Balve-400x266.jpg 400w, https:\/\/sabinebalve.com\/wp-content\/uploads\/2018\/03\/Made-in-Germany-best-Quality-Sabine-Balve.jpg 500w\" sizes=\"(min-width: 2200px) 100vw, (min-width: 1099px) 195px, (min-width: 1007px) 234px, (min-width: 915px) 293px, (min-width: 824px) 390px, (min-width: 732px) 585px, (min-width: 640px) 732px, \" \/><\/div><\/div><\/div><div class=\"swiper-slide\"><div class=\"fusion-carousel-item-wrapper\"><div class=\"fusion-image-wrapper hover-type-zoomin\"><img decoding=\"async\" width=\"500\" height=\"333\" src=\"https:\/\/sabinebalve.com\/wp-content\/uploads\/2018\/03\/Madame-Sabine-Balve-during-planning-session.jpg\" class=\"attachment-full size-full\" alt=\"\" srcset=\"https:\/\/sabinebalve.com\/wp-content\/uploads\/2018\/03\/Madame-Sabine-Balve-during-planning-session-200x133.jpg 200w, https:\/\/sabinebalve.com\/wp-content\/uploads\/2018\/03\/Madame-Sabine-Balve-during-planning-session-400x266.jpg 400w, https:\/\/sabinebalve.com\/wp-content\/uploads\/2018\/03\/Madame-Sabine-Balve-during-planning-session.jpg 500w\" sizes=\"(min-width: 2200px) 100vw, (min-width: 1099px) 195px, (min-width: 1007px) 234px, (min-width: 915px) 293px, (min-width: 824px) 390px, (min-width: 732px) 585px, (min-width: 640px) 732px, \" \/><\/div><\/div><\/div><div class=\"swiper-slide\"><div class=\"fusion-carousel-item-wrapper\"><div class=\"fusion-image-wrapper hover-type-zoomin\"><img decoding=\"async\" width=\"500\" height=\"333\" src=\"https:\/\/sabinebalve.com\/wp-content\/uploads\/2018\/03\/UN-MEMBER-Flags-International-Meetings-with-Sabine-Balve.jpg\" class=\"attachment-full size-full\" alt=\"\" srcset=\"https:\/\/sabinebalve.com\/wp-content\/uploads\/2018\/03\/UN-MEMBER-Flags-International-Meetings-with-Sabine-Balve-200x133.jpg 200w, https:\/\/sabinebalve.com\/wp-content\/uploads\/2018\/03\/UN-MEMBER-Flags-International-Meetings-with-Sabine-Balve-400x266.jpg 400w, https:\/\/sabinebalve.com\/wp-content\/uploads\/2018\/03\/UN-MEMBER-Flags-International-Meetings-with-Sabine-Balve.jpg 500w\" sizes=\"(min-width: 2200px) 100vw, (min-width: 1099px) 195px, (min-width: 1007px) 234px, (min-width: 915px) 293px, (min-width: 824px) 390px, (min-width: 732px) 585px, (min-width: 640px) 732px, \" \/><\/div><\/div><\/div><div class=\"swiper-slide\"><div class=\"fusion-carousel-item-wrapper\"><div class=\"fusion-image-wrapper hover-type-zoomin\"><img decoding=\"async\" width=\"500\" height=\"333\" src=\"https:\/\/sabinebalve.com\/wp-content\/uploads\/2018\/03\/Awards-Madame-Sabine-Balve.jpg\" class=\"attachment-full size-full\" alt=\"\" srcset=\"https:\/\/sabinebalve.com\/wp-content\/uploads\/2018\/03\/Awards-Madame-Sabine-Balve-200x133.jpg 200w, https:\/\/sabinebalve.com\/wp-content\/uploads\/2018\/03\/Awards-Madame-Sabine-Balve-400x266.jpg 400w, https:\/\/sabinebalve.com\/wp-content\/uploads\/2018\/03\/Awards-Madame-Sabine-Balve.jpg 500w\" sizes=\"(min-width: 2200px) 100vw, (min-width: 1099px) 195px, (min-width: 1007px) 234px, (min-width: 915px) 293px, (min-width: 824px) 390px, (min-width: 732px) 585px, (min-width: 640px) 732px, \" \/><\/div><\/div><\/div><div class=\"swiper-slide\"><div class=\"fusion-carousel-item-wrapper\"><div class=\"fusion-image-wrapper hover-type-zoomin\"><img decoding=\"async\" width=\"500\" height=\"333\" src=\"https:\/\/sabinebalve.com\/wp-content\/uploads\/2018\/03\/Team-Work-with-Madame-Sabine-Balve.jpg\" class=\"attachment-full size-full\" alt=\"\" srcset=\"https:\/\/sabinebalve.com\/wp-content\/uploads\/2018\/03\/Team-Work-with-Madame-Sabine-Balve-200x133.jpg 200w, https:\/\/sabinebalve.com\/wp-content\/uploads\/2018\/03\/Team-Work-with-Madame-Sabine-Balve-400x266.jpg 400w, https:\/\/sabinebalve.com\/wp-content\/uploads\/2018\/03\/Team-Work-with-Madame-Sabine-Balve.jpg 500w\" sizes=\"(min-width: 2200px) 100vw, (min-width: 1099px) 195px, (min-width: 1007px) 234px, (min-width: 915px) 293px, (min-width: 824px) 390px, (min-width: 732px) 585px, (min-width: 640px) 732px, \" \/><\/div><\/div><\/div><div class=\"swiper-slide\"><div class=\"fusion-carousel-item-wrapper\"><div class=\"fusion-image-wrapper hover-type-zoomin\"><img decoding=\"async\" width=\"500\" height=\"333\" src=\"https:\/\/sabinebalve.com\/wp-content\/uploads\/2018\/03\/High-Tech-best-Equipped-Sabine-Balve.jpg\" class=\"attachment-full size-full\" alt=\"\" srcset=\"https:\/\/sabinebalve.com\/wp-content\/uploads\/2018\/03\/High-Tech-best-Equipped-Sabine-Balve-200x133.jpg 200w, https:\/\/sabinebalve.com\/wp-content\/uploads\/2018\/03\/High-Tech-best-Equipped-Sabine-Balve-400x266.jpg 400w, https:\/\/sabinebalve.com\/wp-content\/uploads\/2018\/03\/High-Tech-best-Equipped-Sabine-Balve.jpg 500w\" sizes=\"(min-width: 2200px) 100vw, (min-width: 1099px) 195px, (min-width: 1007px) 234px, (min-width: 915px) 293px, (min-width: 824px) 390px, (min-width: 732px) 585px, (min-width: 640px) 732px, \" \/><\/div><\/div><\/div><\/div><div class=\"awb-swiper-button awb-swiper-button-prev\"><i class=\"awb-icon-angle-left\" aria-hidden=\"true\"><\/i><\/div><div class=\"awb-swiper-button awb-swiper-button-next\"><i class=\"awb-icon-angle-right\" aria-hidden=\"true\"><\/i><\/div><\/div><\/div><div class=\"fusion-clearfix\"><\/div><\/div><\/div><\/div><\/div><\/p>\n","protected":false},"excerpt":{"rendered":"","protected":false},"author":1,"featured_media":0,"parent":0,"menu_order":0,"comment_status":"closed","ping_status":"closed","template":"100-width.php","meta":{"footnotes":""},"class_list":["post-7123","page","type-page","status-publish","hentry"],"yoast_head":"<!-- This site is optimized with the Yoast SEO plugin v27.3 - https:\/\/yoast.com\/product\/yoast-seo-wordpress\/ -->\n<title>Kontakt - Sabine Balve<\/title>\n<meta name=\"robots\" content=\"index, follow, max-snippet:-1, max-image-preview:large, max-video-preview:-1\" \/>\n<link rel=\"canonical\" href=\"https:\/\/sabinebalve.com\/de\/kontakt\/\" \/>\n<meta property=\"og:locale\" content=\"de_DE\" \/>\n<meta property=\"og:type\" content=\"article\" \/>\n<meta property=\"og:title\" content=\"Kontakt - Sabine Balve\" \/>\n<meta property=\"og:url\" content=\"https:\/\/sabinebalve.com\/de\/kontakt\/\" \/>\n<meta property=\"og:site_name\" content=\"Sabine Balve\" \/>\n<meta property=\"article:publisher\" content=\"https:\/\/www.facebook.com\/MadameSabineBalve\" \/>\n<meta property=\"article:modified_time\" content=\"2022-09-19T11:25:01+00:00\" \/>\n<meta name=\"twitter:card\" content=\"summary_large_image\" \/>\n<meta name=\"twitter:site\" content=\"@sabinebalve\" \/>\n<meta name=\"twitter:label1\" content=\"Gesch\u00e4tzte Lesezeit\" \/>\n\t<meta name=\"twitter:data1\" content=\"8\u00a0Minuten\" \/>\n<script type=\"application\/ld+json\" class=\"yoast-schema-graph\">{\"@context\":\"https:\\\/\\\/schema.org\",\"@graph\":[{\"@type\":\"WebPage\",\"@id\":\"https:\\\/\\\/sabinebalve.com\\\/de\\\/kontakt\\\/\",\"url\":\"https:\\\/\\\/sabinebalve.com\\\/de\\\/kontakt\\\/\",\"name\":\"Kontakt - Sabine Balve\",\"isPartOf\":{\"@id\":\"https:\\\/\\\/sabinebalve.com\\\/de\\\/#website\"},\"datePublished\":\"2022-09-19T11:25:00+00:00\",\"dateModified\":\"2022-09-19T11:25:01+00:00\",\"breadcrumb\":{\"@id\":\"https:\\\/\\\/sabinebalve.com\\\/de\\\/kontakt\\\/#breadcrumb\"},\"inLanguage\":\"de\",\"potentialAction\":[{\"@type\":\"ReadAction\",\"target\":[\"https:\\\/\\\/sabinebalve.com\\\/de\\\/kontakt\\\/\"]}]},{\"@type\":\"BreadcrumbList\",\"@id\":\"https:\\\/\\\/sabinebalve.com\\\/de\\\/kontakt\\\/#breadcrumb\",\"itemListElement\":[{\"@type\":\"ListItem\",\"position\":1,\"name\":\"Home\",\"item\":\"https:\\\/\\\/sabinebalve.com\\\/de\\\/\"},{\"@type\":\"ListItem\",\"position\":2,\"name\":\"Kontakt\"}]},{\"@type\":\"WebSite\",\"@id\":\"https:\\\/\\\/sabinebalve.com\\\/de\\\/#website\",\"url\":\"https:\\\/\\\/sabinebalve.com\\\/de\\\/\",\"name\":\"Sabine Balve\",\"description\":\"Multiple Awarded Global Digital Media Influencer\",\"potentialAction\":[{\"@type\":\"SearchAction\",\"target\":{\"@type\":\"EntryPoint\",\"urlTemplate\":\"https:\\\/\\\/sabinebalve.com\\\/de\\\/?s={search_term_string}\"},\"query-input\":{\"@type\":\"PropertyValueSpecification\",\"valueRequired\":true,\"valueName\":\"search_term_string\"}}],\"inLanguage\":\"de\"}]}<\/script>\n<!-- \/ Yoast SEO plugin. -->","yoast_head_json":{"title":"Kontakt - Sabine Balve","robots":{"index":"index","follow":"follow","max-snippet":"max-snippet:-1","max-image-preview":"max-image-preview:large","max-video-preview":"max-video-preview:-1"},"canonical":"https:\/\/sabinebalve.com\/de\/kontakt\/","og_locale":"de_DE","og_type":"article","og_title":"Kontakt - Sabine Balve","og_url":"https:\/\/sabinebalve.com\/de\/kontakt\/","og_site_name":"Sabine Balve","article_publisher":"https:\/\/www.facebook.com\/MadameSabineBalve","article_modified_time":"2022-09-19T11:25:01+00:00","twitter_card":"summary_large_image","twitter_site":"@sabinebalve","twitter_misc":{"Gesch\u00e4tzte Lesezeit":"8\u00a0Minuten"},"schema":{"@context":"https:\/\/schema.org","@graph":[{"@type":"WebPage","@id":"https:\/\/sabinebalve.com\/de\/kontakt\/","url":"https:\/\/sabinebalve.com\/de\/kontakt\/","name":"Kontakt - Sabine Balve","isPartOf":{"@id":"https:\/\/sabinebalve.com\/de\/#website"},"datePublished":"2022-09-19T11:25:00+00:00","dateModified":"2022-09-19T11:25:01+00:00","breadcrumb":{"@id":"https:\/\/sabinebalve.com\/de\/kontakt\/#breadcrumb"},"inLanguage":"de","potentialAction":[{"@type":"ReadAction","target":["https:\/\/sabinebalve.com\/de\/kontakt\/"]}]},{"@type":"BreadcrumbList","@id":"https:\/\/sabinebalve.com\/de\/kontakt\/#breadcrumb","itemListElement":[{"@type":"ListItem","position":1,"name":"Home","item":"https:\/\/sabinebalve.com\/de\/"},{"@type":"ListItem","position":2,"name":"Kontakt"}]},{"@type":"WebSite","@id":"https:\/\/sabinebalve.com\/de\/#website","url":"https:\/\/sabinebalve.com\/de\/","name":"Sabine Balve","description":"Multiple Awarded Global Digital Media Influencer","potentialAction":[{"@type":"SearchAction","target":{"@type":"EntryPoint","urlTemplate":"https:\/\/sabinebalve.com\/de\/?s={search_term_string}"},"query-input":{"@type":"PropertyValueSpecification","valueRequired":true,"valueName":"search_term_string"}}],"inLanguage":"de"}]}},"_links":{"self":[{"href":"https:\/\/sabinebalve.com\/de\/wp-json\/wp\/v2\/pages\/7123","targetHints":{"allow":["GET"]}}],"collection":[{"href":"https:\/\/sabinebalve.com\/de\/wp-json\/wp\/v2\/pages"}],"about":[{"href":"https:\/\/sabinebalve.com\/de\/wp-json\/wp\/v2\/types\/page"}],"author":[{"embeddable":true,"href":"https:\/\/sabinebalve.com\/de\/wp-json\/wp\/v2\/users\/1"}],"replies":[{"embeddable":true,"href":"https:\/\/sabinebalve.com\/de\/wp-json\/wp\/v2\/comments?post=7123"}],"version-history":[{"count":2,"href":"https:\/\/sabinebalve.com\/de\/wp-json\/wp\/v2\/pages\/7123\/revisions"}],"predecessor-version":[{"id":7125,"href":"https:\/\/sabinebalve.com\/de\/wp-json\/wp\/v2\/pages\/7123\/revisions\/7125"}],"wp:attachment":[{"href":"https:\/\/sabinebalve.com\/de\/wp-json\/wp\/v2\/media?parent=7123"}],"curies":[{"name":"wp","href":"https:\/\/api.w.org\/{rel}","templated":true}]}}