{"id":6778,"date":"2022-09-18T12:52:22","date_gmt":"2022-09-18T12:52:22","guid":{"rendered":"https:\/\/sabinebalve.com\/willkommensnachricht\/"},"modified":"2022-09-19T11:16:37","modified_gmt":"2022-09-19T11:16:37","slug":"willkommensnachricht","status":"publish","type":"page","link":"https:\/\/sabinebalve.com\/de\/willkommensnachricht\/","title":{"rendered":"Willkommensnachricht"},"content":{"rendered":"<p><div class=\"fusion-fullwidth fullwidth-box fusion-builder-row-1 nonhundred-percent-fullwidth non-hundred-percent-height-scrolling\" style=\"--awb-border-radius-top-left:0px;--awb-border-radius-top-right:0px;--awb-border-radius-bottom-right:0px;--awb-border-radius-bottom-left:0px;--awb-padding-top:50px;--awb-flex-wrap:wrap;\" ><div class=\"fusion-builder-row fusion-row\"><div class=\"fusion-layout-column fusion_builder_column fusion-builder-column-0 fusion_builder_column_1_1 1_1 fusion-one-full fusion-column-first fusion-column-last\" style=\"--awb-bg-size:cover;\"><div class=\"fusion-column-wrapper fusion-flex-column-wrapper-legacy\"><div class=\"fusion-text fusion-text-1\"><h2>WILLKOMMENSNACHRICHT<\/h2>\n<\/div><div class=\"fusion-sep-clear\"><\/div><div class=\"fusion-separator fusion-clearfix\" style=\"float:left;margin-bottom:35px;width:100%;max-width:170px;\"><div class=\"fusion-separator-border sep-single sep-solid\" style=\"--awb-height:20px;--awb-amount:20px;--awb-sep-color:#e2e3e8;border-color:#e2e3e8;border-top-width:3px;\"><\/div><\/div><div class=\"fusion-sep-clear\"><\/div><div class=\"fusion-text fusion-text-2\" style=\"--awb-text-transform:none;\"><h2><strong>VON FRAU SABINE BALVE<\/strong><\/h2>\n<\/div><div class=\"fusion-text fusion-text-3\"><h3><em>Madame Sabine Balve ist eine international anerkannte und mehrfach ausgezeichnete globale Einflussnehmerin f\u00fcr eine nachhaltige Welt in Frieden. Sie ist Gr\u00fcnderin und Mastermind der internationalen Erfolgskampagne World Leaders Forum Dubai und der Global Tolerance Faces (2017-heute).<\/em><\/h3>\n<\/div><div class=\"fusion-sep-clear\"><\/div><div class=\"fusion-separator fusion-clearfix\" style=\"float:left;margin-top:35px;margin-bottom:35px;width:100%;max-width:170px;\"><div class=\"fusion-separator-border sep-single sep-solid\" style=\"--awb-height:20px;--awb-amount:20px;--awb-sep-color:#e2e3e8;border-color:#e2e3e8;border-top-width:3px;\"><\/div><\/div><div class=\"fusion-sep-clear\"><\/div><div class=\"fusion-text fusion-text-4\"><h4>Die Reichweite ihrer Kampagnen hatte in Spitzenzeiten bis zu 10 Millionen Aufrufe pro Monat und wurde in der Zeit zwischen 2012 und 2014 insgesamt 100 Millionen Mal in 119 L\u00e4ndern gesehen. Und mehr als 180.000 internationale Mitglieder unterst\u00fctzen ihre Anliegen.<\/h4>\n<h4>Als Branding-Experte und ehemaliger Banker und weltbekannter Produktdesigner ist er auf eine Vielzahl von Projekten im kommerziellen und \u00f6ffentlichen Sektor spezialisiert, aber auch auf soziale Projekte f\u00fcr Menschlichkeit, Nachhaltigkeit und Frieden!<\/h4>\n<h4>Br\u00fcckenschlag zwischen OST und WEST und dem Rest der Welt<\/h4>\n<h4>Sie hat f\u00fcr viele Marken und internationale Kampagnen die globale Anerkennung als Markenzeichen geschaffen.<\/h4>\n<\/div><div class=\"fusion-clearfix\"><\/div><\/div><\/div><\/div><\/div><div class=\"fusion-fullwidth fullwidth-box fusion-builder-row-2 nonhundred-percent-fullwidth non-hundred-percent-height-scrolling\" style=\"--awb-border-radius-top-left:0px;--awb-border-radius-top-right:0px;--awb-border-radius-bottom-right:0px;--awb-border-radius-bottom-left:0px;--awb-padding-top:50px;--awb-flex-wrap:wrap;\" ><div class=\"fusion-builder-row fusion-row\"><div class=\"fusion-layout-column fusion_builder_column fusion-builder-column-1 fusion_builder_column_1_1 1_1 fusion-one-full fusion-column-first fusion-column-last\" style=\"--awb-bg-size:cover;\"><div class=\"fusion-column-wrapper fusion-flex-column-wrapper-legacy\"><div class=\"fusion-text fusion-text-5\"><h2>IHR VORWORT<\/h2>\n<\/div><div class=\"fusion-sep-clear\"><\/div><div class=\"fusion-separator fusion-clearfix\" style=\"float:left;margin-bottom:35px;width:100%;max-width:170px;\"><div class=\"fusion-separator-border sep-single sep-solid\" style=\"--awb-height:20px;--awb-amount:20px;--awb-sep-color:#e2e3e8;border-color:#e2e3e8;border-top-width:3px;\"><\/div><\/div><div class=\"fusion-sep-clear\"><\/div><div class=\"fusion-text fusion-text-6\"><h4><strong>Fast 4,48 Milliarden <b>Menschen<\/b> waren im Oktober 2019 aktive <b>Internetnutzer<\/b>, das sind 58 Prozent der Weltbev\u00f6lkerung. Diese Konnektivit\u00e4t k\u00f6nnen wir nutzen, um die Welt durch globale Kommunikation und Zusammenarbeit zu VEREINEN!<\/strong><\/h4>\n<\/div><div class=\"fusion-text fusion-text-7\"><h3><strong>&#8222;Ein herzliches Dankesch\u00f6n f\u00fcr all Ihre Hilfe, Anleitung und Unterst\u00fctzung&#8220; &#8211; Frau Sabine Balve<\/strong><\/h3>\n<h3><\/h3>\n<\/div><div class=\"fusion-sep-clear\"><\/div><div class=\"fusion-separator fusion-clearfix\" style=\"float:left;margin-bottom:35px;width:100%;max-width:170px;\"><div class=\"fusion-separator-border sep-single sep-solid\" style=\"--awb-height:20px;--awb-amount:20px;--awb-sep-color:#e2e3e8;border-color:#e2e3e8;border-top-width:3px;\"><\/div><\/div><div class=\"fusion-sep-clear\"><\/div><div class=\"fusion-clearfix\"><\/div><\/div><\/div><\/div><\/div><div class=\"fusion-fullwidth fullwidth-box fusion-builder-row-3 nonhundred-percent-fullwidth non-hundred-percent-height-scrolling\" style=\"--awb-border-radius-top-left:0px;--awb-border-radius-top-right:0px;--awb-border-radius-bottom-right:0px;--awb-border-radius-bottom-left:0px;--awb-flex-wrap:wrap;\" ><div class=\"fusion-builder-row fusion-row\"><div class=\"fusion-layout-column fusion_builder_column fusion-builder-column-2 fusion_builder_column_1_2 1_2 fusion-one-half fusion-column-first\" style=\"--awb-bg-size:cover;width:50%;width:calc(50% - ( ( 4% ) * 0.5 ) );margin-right: 4%;\"><div class=\"fusion-column-wrapper fusion-flex-column-wrapper-legacy\"><div class=\"fusion-text fusion-text-8\"><h4>Hunderttausende von Menschen haben sich meiner globalen Bewegung angeschlossen, um eine nachhaltige Welt in Frieden zu schaffen. F\u00fcr sich selbst und ihre Gemeinden, ihre Nachbarn, ihre Gesch\u00e4ftspartner, ihre Familien und unsere Kinder weltweit. Inspiriert von meinen Inhalten und Beitr\u00e4gen tauschten sich viele mit mir stundenlang online und offline aus und wir brachten den &#8222;Ball ins Rollen&#8220; mit so vielen Projekten, die seit 2012 in so vielen L\u00e4ndern bis heute laufen.<\/h4>\n<\/div><div class=\"fusion-text fusion-text-9\"><blockquote>\n<h4>&#8222;Niemals aufgeben&#8230; Auch EINE PERSON kann etwas bewirken, aber ZUSAMMEN sind wir ST\u00c4RKER&#8230; WIR alle k\u00f6nnen die Ver\u00e4nderung sein, die wir in dieser Welt sehen wollen&#8230;.YU ALL MATTER !!!&#8220; &#8211; Frau Sabine Balve<\/h4>\n<\/blockquote>\n<\/div><div class=\"fusion-clearfix\"><\/div><\/div><\/div><div class=\"fusion-layout-column fusion_builder_column fusion-builder-column-3 fusion_builder_column_1_2 1_2 fusion-one-half fusion-column-last\" style=\"--awb-bg-size:cover;width:50%;width:calc(50% - ( ( 4% ) * 0.5 ) );\"><div class=\"fusion-column-wrapper fusion-flex-column-wrapper-legacy\"><div class=\"fusion-image-element in-legacy-container\" style=\"--awb-caption-title-font-family:var(--h2_typography-font-family);--awb-caption-title-font-weight:var(--h2_typography-font-weight);--awb-caption-title-font-style:var(--h2_typography-font-style);--awb-caption-title-size:var(--h2_typography-font-size);--awb-caption-title-transform:var(--h2_typography-text-transform);--awb-caption-title-line-height:var(--h2_typography-line-height);--awb-caption-title-letter-spacing:var(--h2_typography-letter-spacing);\"><span class=\" fusion-imageframe imageframe-none imageframe-1 hover-type-zoomin\"><img decoding=\"async\" width=\"800\" height=\"533\" title=\"Madame-Sabine-Balve-Profile\" src=\"https:\/\/sabinebalve.com\/wp-content\/uploads\/2018\/02\/fullsizeoutput_2852-800x533.jpeg\" alt class=\"img-responsive wp-image-6147\" srcset=\"https:\/\/sabinebalve.com\/wp-content\/uploads\/2018\/02\/fullsizeoutput_2852-200x133.jpeg 200w, https:\/\/sabinebalve.com\/wp-content\/uploads\/2018\/02\/fullsizeoutput_2852-400x267.jpeg 400w, https:\/\/sabinebalve.com\/wp-content\/uploads\/2018\/02\/fullsizeoutput_2852-600x400.jpeg 600w, https:\/\/sabinebalve.com\/wp-content\/uploads\/2018\/02\/fullsizeoutput_2852-800x533.jpeg 800w, https:\/\/sabinebalve.com\/wp-content\/uploads\/2018\/02\/fullsizeoutput_2852.jpeg 1080w\" sizes=\"(max-width: 800px) 100vw, 600px\" \/><\/span><\/div><div class=\"fusion-text fusion-text-10\"><h5>Madame Sabine Balve, mehrfach ausgezeichnete Global Campaignerin und Digital Media Influencerin f\u00fcr eine nachhaltige Welt in Frieden<\/h5>\n<\/div><div class=\"fusion-clearfix\"><\/div><\/div><\/div><div class=\"fusion-layout-column fusion_builder_column fusion-builder-column-4 fusion_builder_column_3_4 3_4 fusion-three-fourth fusion-column-first\" style=\"--awb-bg-size:cover;width:75%;width:calc(75% - ( ( 4% ) * 0.75 ) );margin-right: 4%;\"><div class=\"fusion-column-wrapper fusion-flex-column-wrapper-legacy\"><div class=\"fusion-text fusion-text-11\"><h4>Deshalb habe ich begonnen, einen <strong>ONLINE AWARD<\/strong> mit dem Namen <strong>EARTH AMBASSADOR<\/strong> und einen zweiten Award mit dem Namen <strong>GLOBAL TOLERANCE FACES<\/strong> f\u00fcr Menschen zu vergeben, die sich f\u00fcr Nachhaltigkeit, Menschlichkeit und Frieden einsetzen. Inspiriert durch unser globales Netzwerk und unseren globalen Austausch durch meine Social-Media-Kampagne haben wir mehr als 180.000 Menschen rund um den Globus zusammengebracht, denn durch das Internet wird unsere Welt zu einem globalen Dorf. Es ist so erstaunlich, was wir gemeinsam erreicht haben&#8230;<\/h4>\n<\/div><div class=\"fusion-clearfix\"><\/div><\/div><\/div><\/div><\/div><div class=\"fusion-fullwidth fullwidth-box fusion-builder-row-4 nonhundred-percent-fullwidth non-hundred-percent-height-scrolling\" style=\"--awb-border-radius-top-left:0px;--awb-border-radius-top-right:0px;--awb-border-radius-bottom-right:0px;--awb-border-radius-bottom-left:0px;--awb-flex-wrap:wrap;\" ><div class=\"fusion-builder-row fusion-row\"><div class=\"fusion-layout-column fusion_builder_column fusion-builder-column-5 fusion_builder_column_1_2 1_2 fusion-one-half fusion-column-first\" style=\"--awb-bg-size:cover;width:50%;width:calc(50% - ( ( 4% ) * 0.5 ) );margin-right: 4%;\"><div class=\"fusion-column-wrapper fusion-flex-column-wrapper-legacy\"><div class=\"fusion-image-element in-legacy-container\" style=\"--awb-caption-title-font-family:var(--h2_typography-font-family);--awb-caption-title-font-weight:var(--h2_typography-font-weight);--awb-caption-title-font-style:var(--h2_typography-font-style);--awb-caption-title-size:var(--h2_typography-font-size);--awb-caption-title-transform:var(--h2_typography-text-transform);--awb-caption-title-line-height:var(--h2_typography-line-height);--awb-caption-title-letter-spacing:var(--h2_typography-letter-spacing);\"><span class=\" fusion-imageframe imageframe-none imageframe-2 hover-type-zoomin\"><img decoding=\"async\" width=\"800\" height=\"533\" title=\"photo-1509827908497-9d239de281bc\" src=\"https:\/\/sabinebalve.com\/wp-content\/uploads\/2018\/04\/photo-1509827908497-9d239de281bc-800x533.jpeg\" alt class=\"img-responsive wp-image-6234\" srcset=\"https:\/\/sabinebalve.com\/wp-content\/uploads\/2018\/04\/photo-1509827908497-9d239de281bc-200x133.jpeg 200w, https:\/\/sabinebalve.com\/wp-content\/uploads\/2018\/04\/photo-1509827908497-9d239de281bc-400x267.jpeg 400w, https:\/\/sabinebalve.com\/wp-content\/uploads\/2018\/04\/photo-1509827908497-9d239de281bc-600x400.jpeg 600w, https:\/\/sabinebalve.com\/wp-content\/uploads\/2018\/04\/photo-1509827908497-9d239de281bc-800x533.jpeg 800w, https:\/\/sabinebalve.com\/wp-content\/uploads\/2018\/04\/photo-1509827908497-9d239de281bc-1200x800.jpeg 1200w, https:\/\/sabinebalve.com\/wp-content\/uploads\/2018\/04\/photo-1509827908497-9d239de281bc.jpeg 1500w\" sizes=\"(max-width: 800px) 100vw, 600px\" \/><\/span><\/div><div class=\"fusion-clearfix\"><\/div><\/div><\/div><div class=\"fusion-layout-column fusion_builder_column fusion-builder-column-6 fusion_builder_column_1_2 1_2 fusion-one-half fusion-column-last\" style=\"--awb-bg-size:cover;width:50%;width:calc(50% - ( ( 4% ) * 0.5 ) );\"><div class=\"fusion-column-wrapper fusion-flex-column-wrapper-legacy\"><div class=\"fusion-text fusion-text-12\"><h4>Ich habe mehr als 20.000 E-Mails und Tausende von Nachrichten und mehr als 10.000 Unterst\u00fctzungen erhalten.<\/h4>\n<h4>Ihre Unterst\u00fctzung hat mich zu einem st\u00e4rkeren Menschen gemacht, und ich werde Ihnen f\u00fcr immer dankbar sein, dass Sie mich auch in schwierigen Zeiten ermutigt und unterst\u00fctzt haben und dass Sie sich unserer unabh\u00e4ngigen globalen Bewegung angeschlossen haben, um diese Welt gemeinsam zu einem besseren Ort zu machen!<\/h4>\n<h4>Aber glauben Sie nicht nur mir, hier sind einige Erfahrungsberichte von Menschen, auf die es ankommt<\/h4>\n<\/div><div class=\"fusion-clearfix\"><\/div><\/div><\/div><div class=\"fusion-layout-column fusion_builder_column fusion-builder-column-7 fusion_builder_column_1_1 1_1 fusion-one-full fusion-column-first fusion-column-last\" style=\"--awb-bg-size:cover;\"><div class=\"fusion-column-wrapper fusion-column-has-shadow fusion-flex-column-wrapper-legacy\"><div class=\"fusion-button-wrapper fusion-aligncenter\"><a class=\"fusion-button button-flat fusion-button-default-size button-custom fusion-button-default button-1 fusion-button-default-span \" style=\"--button_accent_color:#ffffff;--button_border_color:#ffffff;--button_accent_hover_color:#ffffff;--button_border_hover_color:#ffffff;--button_gradient_top_color:#2da1a4;--button_gradient_bottom_color:#2da1a4;--button_gradient_top_color_hover:#2da1a4;--button_gradient_bottom_color_hover:#2da1a4;\" target=\"_blank\" rel=\"noopener noreferrer\" href=\" https:\/\/sabinebalve.com\/testimonials\/\"><span class=\"fusion-button-text awb-button__text awb-button__text--default\">Mehr Zeugnisse lesen<\/span><\/a><\/div><div class=\"fusion-clearfix\"><\/div><\/div><\/div><\/div><\/div><div class=\"fusion-fullwidth fullwidth-box fusion-builder-row-5 nonhundred-percent-fullwidth non-hundred-percent-height-scrolling\" style=\"--awb-border-radius-top-left:0px;--awb-border-radius-top-right:0px;--awb-border-radius-bottom-right:0px;--awb-border-radius-bottom-left:0px;--awb-flex-wrap:wrap;\" ><div class=\"fusion-builder-row fusion-row\"><div class=\"fusion-layout-column fusion_builder_column fusion-builder-column-8 fusion_builder_column_1_1 1_1 fusion-one-full fusion-column-first fusion-column-last\" style=\"--awb-bg-size:cover;--awb-margin-bottom:0px;\"><div class=\"fusion-column-wrapper fusion-flex-column-wrapper-legacy\"><div class=\"fusion-text fusion-text-13\"><p>\u00a0<\/p>\n<\/div><div class=\"fusion-clearfix\"><\/div><\/div><\/div><\/div><\/div><\/p>\n","protected":false},"excerpt":{"rendered":"","protected":false},"author":1,"featured_media":0,"parent":0,"menu_order":0,"comment_status":"closed","ping_status":"closed","template":"100-width.php","meta":{"footnotes":""},"class_list":["post-6778","page","type-page","status-publish","hentry"],"yoast_head":"<!-- This site is optimized with the Yoast SEO plugin v27.4 - https:\/\/yoast.com\/product\/yoast-seo-wordpress\/ -->\n<title>Willkommensnachricht - Sabine Balve<\/title>\n<meta name=\"robots\" content=\"index, follow, max-snippet:-1, max-image-preview:large, max-video-preview:-1\" \/>\n<link rel=\"canonical\" href=\"https:\/\/sabinebalve.com\/de\/willkommensnachricht\/\" \/>\n<meta property=\"og:locale\" content=\"de_DE\" \/>\n<meta property=\"og:type\" content=\"article\" \/>\n<meta property=\"og:title\" content=\"Willkommensnachricht - Sabine Balve\" \/>\n<meta property=\"og:url\" content=\"https:\/\/sabinebalve.com\/de\/willkommensnachricht\/\" \/>\n<meta property=\"og:site_name\" content=\"Sabine Balve\" \/>\n<meta property=\"article:publisher\" content=\"https:\/\/www.facebook.com\/MadameSabineBalve\" \/>\n<meta property=\"article:modified_time\" content=\"2022-09-19T11:16:37+00:00\" \/>\n<meta name=\"twitter:card\" content=\"summary_large_image\" \/>\n<meta name=\"twitter:site\" content=\"@sabinebalve\" \/>\n<meta name=\"twitter:label1\" content=\"Gesch\u00e4tzte Lesezeit\" \/>\n\t<meta name=\"twitter:data1\" content=\"13\u00a0Minuten\" \/>\n<script type=\"application\/ld+json\" class=\"yoast-schema-graph\">{\"@context\":\"https:\\\/\\\/schema.org\",\"@graph\":[{\"@type\":\"WebPage\",\"@id\":\"https:\\\/\\\/sabinebalve.com\\\/de\\\/willkommensnachricht\\\/\",\"url\":\"https:\\\/\\\/sabinebalve.com\\\/de\\\/willkommensnachricht\\\/\",\"name\":\"Willkommensnachricht - Sabine Balve\",\"isPartOf\":{\"@id\":\"https:\\\/\\\/sabinebalve.com\\\/de\\\/#website\"},\"datePublished\":\"2022-09-18T12:52:22+00:00\",\"dateModified\":\"2022-09-19T11:16:37+00:00\",\"breadcrumb\":{\"@id\":\"https:\\\/\\\/sabinebalve.com\\\/de\\\/willkommensnachricht\\\/#breadcrumb\"},\"inLanguage\":\"de\",\"potentialAction\":[{\"@type\":\"ReadAction\",\"target\":[\"https:\\\/\\\/sabinebalve.com\\\/de\\\/willkommensnachricht\\\/\"]}]},{\"@type\":\"BreadcrumbList\",\"@id\":\"https:\\\/\\\/sabinebalve.com\\\/de\\\/willkommensnachricht\\\/#breadcrumb\",\"itemListElement\":[{\"@type\":\"ListItem\",\"position\":1,\"name\":\"Home\",\"item\":\"https:\\\/\\\/sabinebalve.com\\\/de\\\/\"},{\"@type\":\"ListItem\",\"position\":2,\"name\":\"Willkommensnachricht\"}]},{\"@type\":\"WebSite\",\"@id\":\"https:\\\/\\\/sabinebalve.com\\\/de\\\/#website\",\"url\":\"https:\\\/\\\/sabinebalve.com\\\/de\\\/\",\"name\":\"Sabine Balve\",\"description\":\"Multiple Awarded Global Digital Media Influencer\",\"potentialAction\":[{\"@type\":\"SearchAction\",\"target\":{\"@type\":\"EntryPoint\",\"urlTemplate\":\"https:\\\/\\\/sabinebalve.com\\\/de\\\/?s={search_term_string}\"},\"query-input\":{\"@type\":\"PropertyValueSpecification\",\"valueRequired\":true,\"valueName\":\"search_term_string\"}}],\"inLanguage\":\"de\"}]}<\/script>\n<!-- \/ Yoast SEO plugin. -->","yoast_head_json":{"title":"Willkommensnachricht - Sabine Balve","robots":{"index":"index","follow":"follow","max-snippet":"max-snippet:-1","max-image-preview":"max-image-preview:large","max-video-preview":"max-video-preview:-1"},"canonical":"https:\/\/sabinebalve.com\/de\/willkommensnachricht\/","og_locale":"de_DE","og_type":"article","og_title":"Willkommensnachricht - Sabine Balve","og_url":"https:\/\/sabinebalve.com\/de\/willkommensnachricht\/","og_site_name":"Sabine Balve","article_publisher":"https:\/\/www.facebook.com\/MadameSabineBalve","article_modified_time":"2022-09-19T11:16:37+00:00","twitter_card":"summary_large_image","twitter_site":"@sabinebalve","twitter_misc":{"Gesch\u00e4tzte Lesezeit":"13\u00a0Minuten"},"schema":{"@context":"https:\/\/schema.org","@graph":[{"@type":"WebPage","@id":"https:\/\/sabinebalve.com\/de\/willkommensnachricht\/","url":"https:\/\/sabinebalve.com\/de\/willkommensnachricht\/","name":"Willkommensnachricht - Sabine Balve","isPartOf":{"@id":"https:\/\/sabinebalve.com\/de\/#website"},"datePublished":"2022-09-18T12:52:22+00:00","dateModified":"2022-09-19T11:16:37+00:00","breadcrumb":{"@id":"https:\/\/sabinebalve.com\/de\/willkommensnachricht\/#breadcrumb"},"inLanguage":"de","potentialAction":[{"@type":"ReadAction","target":["https:\/\/sabinebalve.com\/de\/willkommensnachricht\/"]}]},{"@type":"BreadcrumbList","@id":"https:\/\/sabinebalve.com\/de\/willkommensnachricht\/#breadcrumb","itemListElement":[{"@type":"ListItem","position":1,"name":"Home","item":"https:\/\/sabinebalve.com\/de\/"},{"@type":"ListItem","position":2,"name":"Willkommensnachricht"}]},{"@type":"WebSite","@id":"https:\/\/sabinebalve.com\/de\/#website","url":"https:\/\/sabinebalve.com\/de\/","name":"Sabine Balve","description":"Multiple Awarded Global Digital Media Influencer","potentialAction":[{"@type":"SearchAction","target":{"@type":"EntryPoint","urlTemplate":"https:\/\/sabinebalve.com\/de\/?s={search_term_string}"},"query-input":{"@type":"PropertyValueSpecification","valueRequired":true,"valueName":"search_term_string"}}],"inLanguage":"de"}]}},"_links":{"self":[{"href":"https:\/\/sabinebalve.com\/de\/wp-json\/wp\/v2\/pages\/6778","targetHints":{"allow":["GET"]}}],"collection":[{"href":"https:\/\/sabinebalve.com\/de\/wp-json\/wp\/v2\/pages"}],"about":[{"href":"https:\/\/sabinebalve.com\/de\/wp-json\/wp\/v2\/types\/page"}],"author":[{"embeddable":true,"href":"https:\/\/sabinebalve.com\/de\/wp-json\/wp\/v2\/users\/1"}],"replies":[{"embeddable":true,"href":"https:\/\/sabinebalve.com\/de\/wp-json\/wp\/v2\/comments?post=6778"}],"version-history":[{"count":7,"href":"https:\/\/sabinebalve.com\/de\/wp-json\/wp\/v2\/pages\/6778\/revisions"}],"predecessor-version":[{"id":7092,"href":"https:\/\/sabinebalve.com\/de\/wp-json\/wp\/v2\/pages\/6778\/revisions\/7092"}],"wp:attachment":[{"href":"https:\/\/sabinebalve.com\/de\/wp-json\/wp\/v2\/media?parent=6778"}],"curies":[{"name":"wp","href":"https:\/\/api.w.org\/{rel}","templated":true}]}}